{"id":15784,"date":"2025-08-06T10:14:59","date_gmt":"2025-08-06T08:14:59","guid":{"rendered":"https:\/\/www.stanley-robotics.com\/?page_id=15784"},"modified":"2025-08-08T09:27:57","modified_gmt":"2025-08-08T07:27:57","slug":"robot-parkie-hl-robotics","status":"publish","type":"page","link":"https:\/\/www.stanley-robotics.com\/fr\/robot-parkie-hl-robotics\/","title":{"rendered":"Robot Parkie HL Robotics"},"content":{"rendered":"\t\t<div data-elementor-type=\"wp-page\" data-elementor-id=\"15784\" class=\"elementor elementor-15784\" data-elementor-post-type=\"page\">\n\t\t\t\t\t\t<section class=\"elementor-section elementor-top-section elementor-element elementor-element-95cf4f2 elementor-section-full_width elementor-section-stretched elementor-section-height-min-height elementor-section-height-default elementor-section-items-middle qodef-elementor-content-no\" data-id=\"95cf4f2\" data-element_type=\"section\" data-settings=\"{&quot;background_background&quot;:&quot;classic&quot;,&quot;stretch_section&quot;:&quot;section-stretched&quot;}\">\n\t\t\t\t\t\t<div class=\"elementor-container elementor-column-gap-default\">\n\t\t\t\t\t<div class=\"elementor-column elementor-col-100 elementor-top-column elementor-element elementor-element-a1e05c0\" data-id=\"a1e05c0\" data-element_type=\"column\" data-settings=\"{&quot;background_background&quot;:&quot;classic&quot;}\">\n\t\t\t<div class=\"elementor-widget-wrap\">\n\t\t\t\t\t\t\t<\/div>\n\t\t<\/div>\n\t\t\t\t\t<\/div>\n\t\t<\/section>\n\t\t\t\t<section class=\"elementor-section elementor-top-section elementor-element elementor-element-1319836 elementor-section-full_width elementor-section-stretched elementor-section-height-default elementor-section-height-default qodef-elementor-content-no\" data-id=\"1319836\" data-element_type=\"section\" data-settings=\"{&quot;background_background&quot;:&quot;classic&quot;,&quot;stretch_section&quot;:&quot;section-stretched&quot;}\">\n\t\t\t\t\t\t<div class=\"elementor-container elementor-column-gap-default\">\n\t\t\t\t\t<div class=\"elementor-column elementor-col-50 elementor-top-column elementor-element elementor-element-3d0b8ad\" data-id=\"3d0b8ad\" data-element_type=\"column\" data-settings=\"{&quot;background_background&quot;:&quot;classic&quot;}\">\n\t\t\t<div class=\"elementor-widget-wrap elementor-element-populated\">\n\t\t\t\t\t\t<div class=\"elementor-element elementor-element-f10ad89 elementor-hidden-desktop elementor-widget elementor-widget-spacer\" data-id=\"f10ad89\" data-element_type=\"widget\" data-widget_type=\"spacer.default\">\n\t\t\t\t<div class=\"elementor-widget-container\">\n\t\t\t\t\t\t\t<div class=\"elementor-spacer\">\n\t\t\t<div class=\"elementor-spacer-inner\"><\/div>\n\t\t<\/div>\n\t\t\t\t\t\t<\/div>\n\t\t\t\t<\/div>\n\t\t\t\t\t<\/div>\n\t\t<\/div>\n\t\t\t\t<div class=\"elementor-column elementor-col-50 elementor-top-column elementor-element elementor-element-42a8120\" data-id=\"42a8120\" data-element_type=\"column\">\n\t\t\t<div class=\"elementor-widget-wrap elementor-element-populated\">\n\t\t\t\t\t\t<div class=\"elementor-element elementor-element-41b61b6 elementor-widget__width-initial elementor-widget-tablet__width-initial elementor-widget-mobile__width-initial elementor-widget elementor-widget-techlink_core_section_title\" data-id=\"41b61b6\" data-element_type=\"widget\" data-widget_type=\"techlink_core_section_title.default\">\n\t\t\t\t<div class=\"elementor-widget-container\">\n\t\t\t\t\t<div class=\"qodef-shortcode qodef-m  qodef-section-title qodef-alignment--left    \">\n\t\t<div class=\"qodef-m-content\">\n\t\t\t\t\t<h3 class=\"qodef-m-title\" >\n\t\t\t\t\tRobot autonome de stationnement\t\t\t<\/h3>\n\t\t\t<\/div>\n<\/div>\t\t\t\t<\/div>\n\t\t\t\t<\/div>\n\t\t\t\t<div class=\"elementor-element elementor-element-fbb3816 elementor-widget elementor-widget-text-editor\" data-id=\"fbb3816\" data-element_type=\"widget\" data-widget_type=\"text-editor.default\">\n\t\t\t\t<div class=\"elementor-widget-container\">\n\t\t\t\t\t\t\t\t\t<p>PARKIE est un AMR (robot mobile autonome) capable de se d\u00e9placer et de fonctionner de mani\u00e8re ind\u00e9pendante.<br \/>Il d\u00e9tecte les obstacles, les espaces disponibles et les trajectoires de circulation autour de lui, tout en identifiant avec pr\u00e9cision l\u2019espacement entre les roues et le centre du v\u00e9hicule afin de le soulever et de le transporter.<br \/>Aucune infrastructure ou \u00e9quipement de guidage suppl\u00e9mentaire n\u2019est n\u00e9cessaire pour permettre le d\u00e9placement de PARKIE.<br \/>Cela permet une planification et une utilisation flexibles de l\u2019espace, que ce soit dans des parkings en libre-service ou des installations m\u00e9caniques.<\/p><p><a href=\"https:\/\/en.hlrobotics.co.kr\/parkie\">En savoir plus sur Parkie<\/a><\/p>\t\t\t\t\t\t\t\t<\/div>\n\t\t\t\t<\/div>\n\t\t\t\t<div class=\"elementor-element elementor-element-65cad45 elementor-widget elementor-widget-html\" data-id=\"65cad45\" data-element_type=\"widget\" data-widget_type=\"html.default\">\n\t\t\t\t<div class=\"elementor-widget-container\">\n\t\t\t\t\t<style>\n    #qodef-page-inner {\n        padding-top: 0px;\n    }\n    .qodef-page-title {\n        display: none;\n    }\n<\/style>\t\t\t\t<\/div>\n\t\t\t\t<\/div>\n\t\t\t\t\t<\/div>\n\t\t<\/div>\n\t\t\t\t\t<\/div>\n\t\t<\/section>\n\t\t\t\t<section class=\"elementor-section elementor-top-section elementor-element elementor-element-09ecfcd elementor-section-full_width elementor-section-stretched elementor-reverse-tablet elementor-reverse-mobile elementor-section-height-default elementor-section-height-default qodef-elementor-content-no\" data-id=\"09ecfcd\" data-element_type=\"section\" data-settings=\"{&quot;stretch_section&quot;:&quot;section-stretched&quot;,&quot;background_background&quot;:&quot;classic&quot;}\">\n\t\t\t\t\t\t<div class=\"elementor-container elementor-column-gap-default\">\n\t\t\t\t\t<div class=\"elementor-column elementor-col-50 elementor-top-column elementor-element elementor-element-48d77a9\" data-id=\"48d77a9\" data-element_type=\"column\">\n\t\t\t<div class=\"elementor-widget-wrap elementor-element-populated\">\n\t\t\t\t\t\t<div class=\"elementor-element elementor-element-d6dd951 elementor-widget__width-initial elementor-widget-tablet__width-initial elementor-widget-mobile__width-initial elementor-widget elementor-widget-techlink_core_section_title\" data-id=\"d6dd951\" data-element_type=\"widget\" data-widget_type=\"techlink_core_section_title.default\">\n\t\t\t\t<div class=\"elementor-widget-container\">\n\t\t\t\t\t<div class=\"qodef-shortcode qodef-m  qodef-section-title qodef-alignment--left    \">\n\t\t<div class=\"qodef-m-content\">\n\t\t\t\t\t<h3 class=\"qodef-m-title\" >\n\t\t\t\t\tOptimis\u00e9 pour l\u2019utilisateur\t\t\t<\/h3>\n\t\t\t<\/div>\n<\/div>\t\t\t\t<\/div>\n\t\t\t\t<\/div>\n\t\t\t\t<div class=\"elementor-element elementor-element-5fc7b51 elementor-widget elementor-widget-text-editor\" data-id=\"5fc7b51\" data-element_type=\"widget\" data-widget_type=\"text-editor.default\">\n\t\t\t\t<div class=\"elementor-widget-container\">\n\t\t\t\t\t\t\t\t\t<p>Gr\u00e2ce \u00e0 une application mobile pens\u00e9e pour l\u2019utilisateur, les conducteurs peuvent suivre en temps r\u00e9el la localisation de leur v\u00e9hicule apr\u00e8s d\u00e9p\u00f4t, et gagner du temps au moment de la r\u00e9cup\u00e9ration en r\u00e9servant un cr\u00e9neau de reprise.<br \/>PARKIE prend \u00e9galement en charge l\u2019int\u00e9gration via API, permettant une connectivit\u00e9 fluide avec diff\u00e9rents syst\u00e8mes de stationnement et plateformes de gestion de b\u00e2timents, pour une exp\u00e9rience plus flexible et conviviale.<\/p>\t\t\t\t\t\t\t\t<\/div>\n\t\t\t\t<\/div>\n\t\t\t\t\t<\/div>\n\t\t<\/div>\n\t\t\t\t<div class=\"elementor-column elementor-col-50 elementor-top-column elementor-element elementor-element-4858131\" data-id=\"4858131\" data-element_type=\"column\" data-settings=\"{&quot;background_background&quot;:&quot;classic&quot;}\">\n\t\t\t<div class=\"elementor-widget-wrap elementor-element-populated\">\n\t\t\t\t\t\t<div class=\"elementor-element elementor-element-648fb82 elementor-hidden-desktop elementor-widget elementor-widget-spacer\" data-id=\"648fb82\" data-element_type=\"widget\" data-widget_type=\"spacer.default\">\n\t\t\t\t<div class=\"elementor-widget-container\">\n\t\t\t\t\t\t\t<div class=\"elementor-spacer\">\n\t\t\t<div class=\"elementor-spacer-inner\"><\/div>\n\t\t<\/div>\n\t\t\t\t\t\t<\/div>\n\t\t\t\t<\/div>\n\t\t\t\t\t<\/div>\n\t\t<\/div>\n\t\t\t\t\t<\/div>\n\t\t<\/section>\n\t\t\t\t<\/div>\n\t\t","protected":false},"excerpt":{"rendered":"<p>Robot autonome de stationnement PARKIE est un AMR (robot mobile autonome) capable de se d\u00e9placer et de fonctionner de mani\u00e8re ind\u00e9pendante.Il d\u00e9tecte les obstacles, les espaces disponibles et les trajectoires de circulation autour de lui, tout en identifiant avec pr\u00e9cision l\u2019espacement entre les roues et le centre du v\u00e9hicule afin de le soulever et de [&hellip;]<\/p>\n","protected":false},"author":7,"featured_media":15787,"parent":0,"menu_order":0,"comment_status":"closed","ping_status":"closed","template":"","meta":{"_monsterinsights_skip_tracking":false,"_monsterinsights_sitenote_active":false,"_monsterinsights_sitenote_note":"","_monsterinsights_sitenote_category":0,"footnotes":"","_links_to":"","_links_to_target":""},"class_list":["post-15784","page","type-page","status-publish","has-post-thumbnail","hentry"],"yoast_head":"<!-- This site is optimized with the Yoast SEO plugin v26.1.1 - https:\/\/yoast.com\/wordpress\/plugins\/seo\/ -->\n<title>Robot Parkie HL Robotics<\/title>\n<meta name=\"description\" content=\"Tout au sujet de l&#039;histoire, l&#039;ambition, l&#039;\u00e9quipe, les valeurs, les partenaires, investisseurs derri\u00e8re Stanley Robotics.\" \/>\n<meta name=\"robots\" content=\"index, follow, max-snippet:-1, max-image-preview:large, max-video-preview:-1\" \/>\n<link rel=\"canonical\" href=\"https:\/\/www.stanley-robotics.com\/fr\/robot-parkie-hl-robotics\/\" \/>\n<meta property=\"og:locale\" content=\"fr_FR\" \/>\n<meta property=\"og:type\" content=\"article\" \/>\n<meta property=\"og:title\" content=\"Robot Parkie HL Robotics\" \/>\n<meta property=\"og:description\" content=\"Tout au sujet de l&#039;histoire, l&#039;ambition, l&#039;\u00e9quipe, les valeurs, les partenaires, investisseurs derri\u00e8re Stanley Robotics.\" \/>\n<meta property=\"og:url\" content=\"https:\/\/www.stanley-robotics.com\/fr\/robot-parkie-hl-robotics\/\" \/>\n<meta property=\"og:site_name\" content=\"Stanley Robotics\" \/>\n<meta property=\"article:publisher\" content=\"https:\/\/www.facebook.com\/stanleyrobotics\/\" \/>\n<meta property=\"article:modified_time\" content=\"2025-08-08T07:27:57+00:00\" \/>\n<meta property=\"og:image\" content=\"https:\/\/www.stanley-robotics.com\/wp-content\/uploads\/2025\/08\/HI_Robotics_Parkie-header.webp\" \/>\n\t<meta property=\"og:image:width\" content=\"1500\" \/>\n\t<meta property=\"og:image:height\" content=\"666\" \/>\n\t<meta property=\"og:image:type\" content=\"image\/webp\" \/>\n<meta name=\"twitter:card\" content=\"summary_large_image\" \/>\n<meta name=\"twitter:site\" content=\"@stanleyrobotics\" \/>\n<meta name=\"twitter:label1\" content=\"Dur\u00e9e de lecture estim\u00e9e\" \/>\n\t<meta name=\"twitter:data1\" content=\"11 minutes\" \/>\n<script type=\"application\/ld+json\" class=\"yoast-schema-graph\">{\"@context\":\"https:\/\/schema.org\",\"@graph\":[{\"@type\":\"WebPage\",\"@id\":\"https:\/\/www.stanley-robotics.com\/fr\/robot-parkie-hl-robotics\/\",\"url\":\"https:\/\/www.stanley-robotics.com\/fr\/robot-parkie-hl-robotics\/\",\"name\":\"Robot Parkie HL Robotics\",\"isPartOf\":{\"@id\":\"https:\/\/www.stanley-robotics.com\/fr\/#website\"},\"primaryImageOfPage\":{\"@id\":\"https:\/\/www.stanley-robotics.com\/fr\/robot-parkie-hl-robotics\/#primaryimage\"},\"image\":{\"@id\":\"https:\/\/www.stanley-robotics.com\/fr\/robot-parkie-hl-robotics\/#primaryimage\"},\"thumbnailUrl\":\"https:\/\/www.stanley-robotics.com\/wp-content\/uploads\/2025\/08\/HI_Robotics_Parkie-header.webp\",\"datePublished\":\"2025-08-06T08:14:59+00:00\",\"dateModified\":\"2025-08-08T07:27:57+00:00\",\"description\":\"Tout au sujet de l'histoire, l'ambition, l'\u00e9quipe, les valeurs, les partenaires, investisseurs derri\u00e8re Stanley Robotics.\",\"breadcrumb\":{\"@id\":\"https:\/\/www.stanley-robotics.com\/fr\/robot-parkie-hl-robotics\/#breadcrumb\"},\"inLanguage\":\"fr-FR\",\"potentialAction\":[{\"@type\":\"ReadAction\",\"target\":[\"https:\/\/www.stanley-robotics.com\/fr\/robot-parkie-hl-robotics\/\"]}]},{\"@type\":\"ImageObject\",\"inLanguage\":\"fr-FR\",\"@id\":\"https:\/\/www.stanley-robotics.com\/fr\/robot-parkie-hl-robotics\/#primaryimage\",\"url\":\"https:\/\/www.stanley-robotics.com\/wp-content\/uploads\/2025\/08\/HI_Robotics_Parkie-header.webp\",\"contentUrl\":\"https:\/\/www.stanley-robotics.com\/wp-content\/uploads\/2025\/08\/HI_Robotics_Parkie-header.webp\",\"width\":1500,\"height\":666,\"caption\":\"HI_Robotics_Parkie-header\"},{\"@type\":\"BreadcrumbList\",\"@id\":\"https:\/\/www.stanley-robotics.com\/fr\/robot-parkie-hl-robotics\/#breadcrumb\",\"itemListElement\":[{\"@type\":\"ListItem\",\"position\":1,\"name\":\"Accueil\",\"item\":\"https:\/\/www.stanley-robotics.com\/fr\/\"},{\"@type\":\"ListItem\",\"position\":2,\"name\":\"Robot Parkie HL Robotics\"}]},{\"@type\":\"WebSite\",\"@id\":\"https:\/\/www.stanley-robotics.com\/fr\/#website\",\"url\":\"https:\/\/www.stanley-robotics.com\/fr\/\",\"name\":\"Stanley Robotics\",\"description\":\"The first outdoor valet robot\",\"publisher\":{\"@id\":\"https:\/\/www.stanley-robotics.com\/fr\/#organization\"},\"potentialAction\":[{\"@type\":\"SearchAction\",\"target\":{\"@type\":\"EntryPoint\",\"urlTemplate\":\"https:\/\/www.stanley-robotics.com\/fr\/?s={search_term_string}\"},\"query-input\":{\"@type\":\"PropertyValueSpecification\",\"valueRequired\":true,\"valueName\":\"search_term_string\"}}],\"inLanguage\":\"fr-FR\"},{\"@type\":\"Organization\",\"@id\":\"https:\/\/www.stanley-robotics.com\/fr\/#organization\",\"name\":\"Stanley Robotics\",\"url\":\"https:\/\/www.stanley-robotics.com\/fr\/\",\"logo\":{\"@type\":\"ImageObject\",\"inLanguage\":\"fr-FR\",\"@id\":\"https:\/\/www.stanley-robotics.com\/fr\/#\/schema\/logo\/image\/\",\"url\":\"https:\/\/www.stanley-robotics.com\/wp-content\/uploads\/2022\/06\/stanley-robotics-logo-800px.png\",\"contentUrl\":\"https:\/\/www.stanley-robotics.com\/wp-content\/uploads\/2022\/06\/stanley-robotics-logo-800px.png\",\"width\":800,\"height\":400,\"caption\":\"Stanley Robotics\"},\"image\":{\"@id\":\"https:\/\/www.stanley-robotics.com\/fr\/#\/schema\/logo\/image\/\"},\"sameAs\":[\"https:\/\/www.facebook.com\/stanleyrobotics\/\",\"https:\/\/x.com\/stanleyrobotics\",\"https:\/\/www.linkedin.com\/uas\/login?session_redirect=\/company\/6384078\/\",\"https:\/\/www.instagram.com\/stanleyrobotics\/\",\"https:\/\/www.youtube.com\/c\/StanleyRoboticsOfficial\"]}]}<\/script>\n<!-- \/ Yoast SEO plugin. -->","yoast_head_json":{"title":"Robot Parkie HL Robotics","description":"Tout au sujet de l'histoire, l'ambition, l'\u00e9quipe, les valeurs, les partenaires, investisseurs derri\u00e8re Stanley Robotics.","robots":{"index":"index","follow":"follow","max-snippet":"max-snippet:-1","max-image-preview":"max-image-preview:large","max-video-preview":"max-video-preview:-1"},"canonical":"https:\/\/www.stanley-robotics.com\/fr\/robot-parkie-hl-robotics\/","og_locale":"fr_FR","og_type":"article","og_title":"Robot Parkie HL Robotics","og_description":"Tout au sujet de l'histoire, l'ambition, l'\u00e9quipe, les valeurs, les partenaires, investisseurs derri\u00e8re Stanley Robotics.","og_url":"https:\/\/www.stanley-robotics.com\/fr\/robot-parkie-hl-robotics\/","og_site_name":"Stanley Robotics","article_publisher":"https:\/\/www.facebook.com\/stanleyrobotics\/","article_modified_time":"2025-08-08T07:27:57+00:00","og_image":[{"width":1500,"height":666,"url":"https:\/\/www.stanley-robotics.com\/wp-content\/uploads\/2025\/08\/HI_Robotics_Parkie-header.webp","type":"image\/webp"}],"twitter_card":"summary_large_image","twitter_site":"@stanleyrobotics","twitter_misc":{"Dur\u00e9e de lecture estim\u00e9e":"11 minutes"},"schema":{"@context":"https:\/\/schema.org","@graph":[{"@type":"WebPage","@id":"https:\/\/www.stanley-robotics.com\/fr\/robot-parkie-hl-robotics\/","url":"https:\/\/www.stanley-robotics.com\/fr\/robot-parkie-hl-robotics\/","name":"Robot Parkie HL Robotics","isPartOf":{"@id":"https:\/\/www.stanley-robotics.com\/fr\/#website"},"primaryImageOfPage":{"@id":"https:\/\/www.stanley-robotics.com\/fr\/robot-parkie-hl-robotics\/#primaryimage"},"image":{"@id":"https:\/\/www.stanley-robotics.com\/fr\/robot-parkie-hl-robotics\/#primaryimage"},"thumbnailUrl":"https:\/\/www.stanley-robotics.com\/wp-content\/uploads\/2025\/08\/HI_Robotics_Parkie-header.webp","datePublished":"2025-08-06T08:14:59+00:00","dateModified":"2025-08-08T07:27:57+00:00","description":"Tout au sujet de l'histoire, l'ambition, l'\u00e9quipe, les valeurs, les partenaires, investisseurs derri\u00e8re Stanley Robotics.","breadcrumb":{"@id":"https:\/\/www.stanley-robotics.com\/fr\/robot-parkie-hl-robotics\/#breadcrumb"},"inLanguage":"fr-FR","potentialAction":[{"@type":"ReadAction","target":["https:\/\/www.stanley-robotics.com\/fr\/robot-parkie-hl-robotics\/"]}]},{"@type":"ImageObject","inLanguage":"fr-FR","@id":"https:\/\/www.stanley-robotics.com\/fr\/robot-parkie-hl-robotics\/#primaryimage","url":"https:\/\/www.stanley-robotics.com\/wp-content\/uploads\/2025\/08\/HI_Robotics_Parkie-header.webp","contentUrl":"https:\/\/www.stanley-robotics.com\/wp-content\/uploads\/2025\/08\/HI_Robotics_Parkie-header.webp","width":1500,"height":666,"caption":"HI_Robotics_Parkie-header"},{"@type":"BreadcrumbList","@id":"https:\/\/www.stanley-robotics.com\/fr\/robot-parkie-hl-robotics\/#breadcrumb","itemListElement":[{"@type":"ListItem","position":1,"name":"Accueil","item":"https:\/\/www.stanley-robotics.com\/fr\/"},{"@type":"ListItem","position":2,"name":"Robot Parkie HL Robotics"}]},{"@type":"WebSite","@id":"https:\/\/www.stanley-robotics.com\/fr\/#website","url":"https:\/\/www.stanley-robotics.com\/fr\/","name":"Stanley Robotics","description":"The first outdoor valet robot","publisher":{"@id":"https:\/\/www.stanley-robotics.com\/fr\/#organization"},"potentialAction":[{"@type":"SearchAction","target":{"@type":"EntryPoint","urlTemplate":"https:\/\/www.stanley-robotics.com\/fr\/?s={search_term_string}"},"query-input":{"@type":"PropertyValueSpecification","valueRequired":true,"valueName":"search_term_string"}}],"inLanguage":"fr-FR"},{"@type":"Organization","@id":"https:\/\/www.stanley-robotics.com\/fr\/#organization","name":"Stanley Robotics","url":"https:\/\/www.stanley-robotics.com\/fr\/","logo":{"@type":"ImageObject","inLanguage":"fr-FR","@id":"https:\/\/www.stanley-robotics.com\/fr\/#\/schema\/logo\/image\/","url":"https:\/\/www.stanley-robotics.com\/wp-content\/uploads\/2022\/06\/stanley-robotics-logo-800px.png","contentUrl":"https:\/\/www.stanley-robotics.com\/wp-content\/uploads\/2022\/06\/stanley-robotics-logo-800px.png","width":800,"height":400,"caption":"Stanley Robotics"},"image":{"@id":"https:\/\/www.stanley-robotics.com\/fr\/#\/schema\/logo\/image\/"},"sameAs":["https:\/\/www.facebook.com\/stanleyrobotics\/","https:\/\/x.com\/stanleyrobotics","https:\/\/www.linkedin.com\/uas\/login?session_redirect=\/company\/6384078\/","https:\/\/www.instagram.com\/stanleyrobotics\/","https:\/\/www.youtube.com\/c\/StanleyRoboticsOfficial"]}]}},"_links":{"self":[{"href":"https:\/\/www.stanley-robotics.com\/fr\/wp-json\/wp\/v2\/pages\/15784","targetHints":{"allow":["GET"]}}],"collection":[{"href":"https:\/\/www.stanley-robotics.com\/fr\/wp-json\/wp\/v2\/pages"}],"about":[{"href":"https:\/\/www.stanley-robotics.com\/fr\/wp-json\/wp\/v2\/types\/page"}],"author":[{"embeddable":true,"href":"https:\/\/www.stanley-robotics.com\/fr\/wp-json\/wp\/v2\/users\/7"}],"replies":[{"embeddable":true,"href":"https:\/\/www.stanley-robotics.com\/fr\/wp-json\/wp\/v2\/comments?post=15784"}],"version-history":[{"count":2,"href":"https:\/\/www.stanley-robotics.com\/fr\/wp-json\/wp\/v2\/pages\/15784\/revisions"}],"predecessor-version":[{"id":16011,"href":"https:\/\/www.stanley-robotics.com\/fr\/wp-json\/wp\/v2\/pages\/15784\/revisions\/16011"}],"wp:featuredmedia":[{"embeddable":true,"href":"https:\/\/www.stanley-robotics.com\/fr\/wp-json\/wp\/v2\/media\/15787"}],"wp:attachment":[{"href":"https:\/\/www.stanley-robotics.com\/fr\/wp-json\/wp\/v2\/media?parent=15784"}],"curies":[{"name":"wp","href":"https:\/\/api.w.org\/{rel}","templated":true}]}}